{"id":74,"date":"2020-03-20T15:46:40","date_gmt":"2020-03-20T15:46:40","guid":{"rendered":"https:\/\/escuelalibrejardindelsol.cl\/?page_id=74"},"modified":"2020-03-21T00:31:12","modified_gmt":"2020-03-21T00:31:12","slug":"nosotrs","status":"publish","type":"page","link":"https:\/\/escuelalibrejardindelsol.cl\/pt\/","title":{"rendered":"N@s"},"content":{"rendered":"<h1>N@s<\/h1>\n<p>METODOLOG\u00cdA PRESENCIAL<\/p>\n<p>&nbsp;<\/p>\n<p class=\"wb-stl-normal\">Ense\u00f1anza emocional: Guiamos en el reconocer y actuar frente a las distintas emociones.<\/p>\n<p class=\"wb-stl-normal\">Educaci\u00f3n Personalizada: Son solo 15 ni\u00f1@s por nivel.<\/p>\n<p class=\"wb-stl-normal\">L\u00fadico: Aprender desde la experiencia y estado de alegr\u00eda hace al aprendizaje significativo.<\/p>\n<p class=\"wb-stl-normal\">Educaci\u00f3n Art\u00edstica: transversal en todo el proceso educativo.<\/p>\n<p class=\"wb-stl-normal\">Ense\u00f1anza espiritual: Desde lo val\u00f3rico ense\u00f1amos lo importante del \u201cSer\u201d de manera integral.<\/p>\n<p class=\"wb-stl-normal\">Educaci\u00f3n ambiental: Fomentamos el desarrollo sustentable y amoroso con el medio.<\/p>\n<p class=\"wb-stl-normal\">El \u201cAlegre Conocimiento\u201d de la Escuela Indigo, Piaget, Vygotski, \u00a0Paulo Freire, Maturana y Mar\u00eda Montessori, entre much@s otr@s, dan base al trabajo metodol\u00f3gico que ocupa t\u00e9cnicas de educaci\u00f3n popular, formal y Montessori que utilizamos en nuestra diaria labor.<\/p>\n<p class=\"wb-stl-normal\">Contamos con asistencia complementaria para los ni\u00f1os, ni\u00f1as y sus familia: \u00a0Flores de Bach, Yoga, Hipnoterapia, entre otros.<\/p>\n<p class=\"wb-stl-normal\">Actividades acad\u00e9micas al aire libre, como visitas a museos y centros de inter\u00e9s educativo-cultural.<\/p>\n<p class=\"wb-stl-normal\">Fomentamos Actividades en familia, deportivas y clases de asignaturas en terreno.<\/p>\n<p class=\"wb-stl-normal\">Talleres de las jornadas<\/p>\n<p class=\"wb-stl-normal\">M\u00fasica<br \/>\nYoga<br \/>\nLiteratura<br \/>\nCocina<br \/>\nTeatro<br \/>\nHuerta<br \/>\nManualidades<br \/>\nExcursiones Medio Ambiente<br \/>\nSalidas educativas a museos<br \/>\nDeportes<br \/>\ny m\u00e1s\u2026<\/p>\n<p class=\"wb-stl-normal\">La escuela promueve la alimentaci\u00f3n saludable.<\/p>\n<p class=\"wb-stl-normal\">Fundamentamos nuestros principios en un sentido vivencial de la familia como organizaci\u00f3n fundamental de la sociedad.<\/p>\n<p class=\"wb-stl-normal\">Vestimenta libre y c\u00f3moda.<\/p>","protected":false},"excerpt":{"rendered":"<p>Nosotr@s METODOLOG\u00cdA PRESENCIAL &nbsp; Ense\u00f1anza emocional: Guiamos en el reconocer y actuar frente a las distintas emociones. Educaci\u00f3n Personalizada: Son solo 15 ni\u00f1@s por nivel. L\u00fadico: Aprender desde la experiencia y estado de alegr\u00eda hace al aprendizaje significativo. Educaci\u00f3n Art\u00edstica: transversal en todo el proceso educativo. Ense\u00f1anza espiritual: Desde lo val\u00f3rico ense\u00f1amos lo importante del <a href=\"https:\/\/escuelalibrejardindelsol.cl\/pt\/\" rel=\"nofollow\"><span class=\"sr-only\">Read more about Nosotr@s<\/span>[&hellip;]<\/a><\/p>\n","protected":false},"author":1,"featured_media":0,"parent":0,"menu_order":0,"comment_status":"closed","ping_status":"closed","template":"","meta":{"footnotes":""},"class_list":["post-74","page","type-page","status-publish","hentry"],"_links":{"self":[{"href":"https:\/\/escuelalibrejardindelsol.cl\/pt\/wp-json\/wp\/v2\/pages\/74","targetHints":{"allow":["GET"]}}],"collection":[{"href":"https:\/\/escuelalibrejardindelsol.cl\/pt\/wp-json\/wp\/v2\/pages"}],"about":[{"href":"https:\/\/escuelalibrejardindelsol.cl\/pt\/wp-json\/wp\/v2\/types\/page"}],"author":[{"embeddable":true,"href":"https:\/\/escuelalibrejardindelsol.cl\/pt\/wp-json\/wp\/v2\/users\/1"}],"replies":[{"embeddable":true,"href":"https:\/\/escuelalibrejardindelsol.cl\/pt\/wp-json\/wp\/v2\/comments?post=74"}],"version-history":[{"count":2,"href":"https:\/\/escuelalibrejardindelsol.cl\/pt\/wp-json\/wp\/v2\/pages\/74\/revisions"}],"predecessor-version":[{"id":184,"href":"https:\/\/escuelalibrejardindelsol.cl\/pt\/wp-json\/wp\/v2\/pages\/74\/revisions\/184"}],"wp:attachment":[{"href":"https:\/\/escuelalibrejardindelsol.cl\/pt\/wp-json\/wp\/v2\/media?parent=74"}],"curies":[{"name":"wp","href":"https:\/\/api.w.org\/{rel}","templated":true}]}}