{"id":15456,"date":"2025-07-14T02:13:36","date_gmt":"2025-07-14T02:13:36","guid":{"rendered":"https:\/\/escuelalibrejardindelsol.cl\/?page_id=15456"},"modified":"2025-07-14T02:29:55","modified_gmt":"2025-07-14T02:29:55","slug":"taller-de-robotica-online","status":"publish","type":"page","link":"https:\/\/escuelalibrejardindelsol.cl\/pt\/taller-de-robotica-online\/","title":{"rendered":"Taller de Rob\u00f3tica"},"content":{"rendered":"<p>\u00a1\ud83e\udd16\u2728 <strong data-start=\"5\" data-end=\"65\">Bienvenid@ entretenido al Taller de Rob\u00f3tica <\/strong>\u2728\ud83e\udd16<\/p>\n<p>&nbsp;<\/p>\n<p data-start=\"71\" data-end=\"279\">Si tienen un\/a hij@ entre <strong data-start=\"87\" data-end=\"102\">8 y 15 a\u00f1os<\/strong>, esta invitaci\u00f3n es para Uds:<\/p>\n<p data-start=\"71\" data-end=\"279\"><br data-start=\"131\" data-end=\"134\" \/>Est\u00e1s a punto de entrar a un mundo donde <strong data-start=\"175\" data-end=\"223\">la creatividad, la tecnolog\u00eda y la diversi\u00f3n<\/strong> se unen para hacerles vivir una experiencia inolvidable.<\/p>\n<p data-start=\"281\" data-end=\"390\">Aqu\u00ed tus hij@s <strong data-start=\"286\" data-end=\"317\">aprender\u00e1n rob\u00f3tica jugando<\/strong>, riendo y creando\u2026 porque <strong data-start=\"344\" data-end=\"389\">cuando se diviertes, aprenden m\u00e1s y mejor<\/strong>.<\/p>\n<p data-start=\"397\" data-end=\"827\">\ud83c\udfaf <strong data-start=\"400\" data-end=\"429\">\u00bfQu\u00e9 incluye este taller?<\/strong><\/p>\n<p data-start=\"397\" data-end=\"827\">\u2705 Clases semanales de <strong data-start=\"454\" data-end=\"477\">1 hora y 15 minutos<\/strong> llenas de juegos, desaf\u00edos y exploraci\u00f3n.<br data-start=\"519\" data-end=\"522\" \/>\u2705 Acceso a nuestra <strong data-start=\"643\" data-end=\"674\">plataforma educativa online<\/strong> para avanzar durante la semana desde tu casa.<br data-start=\"720\" data-end=\"723\" \/>\u2705 Un ambiente de respeto, alegr\u00eda y compa\u00f1erismo, donde <strong data-start=\"779\" data-end=\"808\">cada ni\u00f1o es protagonista<\/strong> de su aprendizaje.<\/p>\n<p data-start=\"834\" data-end=\"1182\">\ud83d\udcda <strong data-start=\"837\" data-end=\"881\">Contenidos que veremos durante el taller<\/strong>:<br data-start=\"882\" data-end=\"885\" \/>\ud83d\udd39 \u00bfQu\u00e9 es un robot y c\u00f3mo funciona?<br data-start=\"921\" data-end=\"924\" \/>\ud83d\udd39 Introducci\u00f3n a sensores y motores<br data-start=\"960\" data-end=\"963\" \/>\ud83d\udd39 Programaci\u00f3n b\u00e1sica paso a paso<br data-start=\"997\" data-end=\"1000\" \/>\ud83d\udd39 Creaci\u00f3n de estructuras con piezas rob\u00f3ticas<br data-start=\"1047\" data-end=\"1050\" \/>\ud83d\udd39 Desaf\u00edos semanales de construcci\u00f3n<br data-start=\"1087\" data-end=\"1090\" \/>\ud83d\udd39 Mini competencias y retos en equipo<br data-start=\"1128\" data-end=\"1131\" \/>\ud83d\udd39 Proyectos creativos: \u00a1Tu propio robot en acci\u00f3n!<\/p>\n<p data-start=\"1189\" data-end=\"1399\">\ud83d\udcb0 <strong data-start=\"1192\" data-end=\"1210\">Aporte mensual<\/strong>: $155.000 CLP<\/p>\n<p data-start=\"1189\" data-end=\"1399\">\u2705 <strong data-start=\"524\" data-end=\"550\">Kit B\u00e1sico de Rob\u00f3tica<\/strong> para comenzar a construir desde el primer d\u00eda (<em data-start=\"598\" data-end=\"619\">Valor: $185.000 CLP<\/em>).<\/p>\n<p data-start=\"1189\" data-end=\"1399\"><br data-start=\"1224\" data-end=\"1227\" \/>\ud83c\udf81 <em data-start=\"1230\" data-end=\"1399\">\u00a1Y mucho m\u00e1s que rob\u00f3tica! Este taller desarrolla pensamiento l\u00f3gico, trabajo en equipo, confianza, liderazgo y resoluci\u00f3n de problemas, de manera divertida y natural.<\/em><\/p>\n<p data-start=\"1406\" data-end=\"1591\">\ud83d\udce3 <strong data-start=\"1409\" data-end=\"1455\">\u00bfTe imaginas a tu hij@ construyendo su primer robot?<\/strong><\/p>\n<p data-start=\"1406\" data-end=\"1591\"><br data-start=\"1455\" data-end=\"1458\" \/>Entonces <strong data-start=\"1467\" data-end=\"1496\">haz clic en el formulario<\/strong>, completa tus datos y <strong data-start=\"1519\" data-end=\"1590\">s\u00e9 parte de este taller que transforma el juego en aprendizaje real<\/strong>.<\/p>\n<p data-start=\"1406\" data-end=\"1591\"><a href=\"https:\/\/docs.google.com\/forms\/d\/e\/1FAIpQLSdzYd02G5XkccX7XW_ik8GTsRaEK7SrOSBRGmY0SGV4LmlAgg\/viewform?usp=sharing&amp;ouid=101808574937367409379\"><img loading=\"lazy\" decoding=\"async\" class=\"size-medium wp-image-15459 aligncenter\" src=\"https:\/\/escuelalibrejardindelsol.cl\/wp-content\/uploads\/2025\/07\/FORMULARIO-2-300x129.png\" alt=\"\" width=\"300\" height=\"129\" srcset=\"https:\/\/escuelalibrejardindelsol.cl\/wp-content\/uploads\/2025\/07\/FORMULARIO-2-300x129.png 300w, https:\/\/escuelalibrejardindelsol.cl\/wp-content\/uploads\/2025\/07\/FORMULARIO-2-100x43.png 100w, https:\/\/escuelalibrejardindelsol.cl\/wp-content\/uploads\/2025\/07\/FORMULARIO-2-18x8.png 18w, https:\/\/escuelalibrejardindelsol.cl\/wp-content\/uploads\/2025\/07\/FORMULARIO-2.png 472w\" sizes=\"auto, (max-width: 300px) 100vw, 300px\" \/><\/a><\/p>\n<p data-start=\"1593\" data-end=\"1682\">\ud83d\udcf2 \u00a1Los cupos son limitados!<br data-start=\"1621\" data-end=\"1624\" \/>Descubre lo que puedes lograr cuando juegas con prop\u00f3sito.<\/p>\n<p data-start=\"1684\" data-end=\"1779\">\ud83d\udc49 <strong data-start=\"1687\" data-end=\"1778\">Completa el formulario ahora y \u00fanete a la revoluci\u00f3n rob\u00f3tica con alegr\u00eda y creatividad<\/strong>.<\/p>\n<p data-start=\"1684\" data-end=\"1779\">\ud83c\udf0d\ud83e\udd16 <em data-start=\"5\" data-end=\"139\" data-is-last-node=\"\">\u00abEnse\u00f1ar rob\u00f3tica hoy es sembrar las ideas que construir\u00e1n el futuro del planeta ma\u00f1ana: m\u00e1s creativo, m\u00e1s consciente y m\u00e1s humano.\u00bb <\/em><em data-start=\"1787\" data-end=\"1834\">\u00abCuando aprendes jugando, creas sin l\u00edmites.\u00bb<\/em><\/p>\n<p data-start=\"1787\" data-end=\"1887\" data-is-last-node=\"\" data-is-only-node=\"\">Nos vemos muy pronto\u2026 \u00a1con robots en mano! \ud83e\udd16\ud83c\udf89<\/p>","protected":false},"excerpt":{"rendered":"<p>\u00a1\ud83e\udd16\u2728 Bienvenid@ entretenido al Taller de Rob\u00f3tica \u2728\ud83e\udd16 &nbsp; Si tienen un\/a hij@ entre 8 y 15 a\u00f1os, esta invitaci\u00f3n es para Uds: Est\u00e1s a punto de entrar a un mundo donde la creatividad, la tecnolog\u00eda y la diversi\u00f3n se unen para hacerles vivir una experiencia inolvidable. Aqu\u00ed tus hij@s aprender\u00e1n rob\u00f3tica jugando, riendo y <a href=\"https:\/\/escuelalibrejardindelsol.cl\/pt\/taller-de-robotica-online\/\" rel=\"nofollow\"><span class=\"sr-only\">Read more about Taller de Rob\u00f3tica<\/span>[&hellip;]<\/a><\/p>\n","protected":false},"author":1,"featured_media":0,"parent":0,"menu_order":0,"comment_status":"closed","ping_status":"closed","template":"","meta":{"footnotes":""},"class_list":["post-15456","page","type-page","status-publish","hentry"],"_links":{"self":[{"href":"https:\/\/escuelalibrejardindelsol.cl\/pt\/wp-json\/wp\/v2\/pages\/15456","targetHints":{"allow":["GET"]}}],"collection":[{"href":"https:\/\/escuelalibrejardindelsol.cl\/pt\/wp-json\/wp\/v2\/pages"}],"about":[{"href":"https:\/\/escuelalibrejardindelsol.cl\/pt\/wp-json\/wp\/v2\/types\/page"}],"author":[{"embeddable":true,"href":"https:\/\/escuelalibrejardindelsol.cl\/pt\/wp-json\/wp\/v2\/users\/1"}],"replies":[{"embeddable":true,"href":"https:\/\/escuelalibrejardindelsol.cl\/pt\/wp-json\/wp\/v2\/comments?post=15456"}],"version-history":[{"count":4,"href":"https:\/\/escuelalibrejardindelsol.cl\/pt\/wp-json\/wp\/v2\/pages\/15456\/revisions"}],"predecessor-version":[{"id":15461,"href":"https:\/\/escuelalibrejardindelsol.cl\/pt\/wp-json\/wp\/v2\/pages\/15456\/revisions\/15461"}],"wp:attachment":[{"href":"https:\/\/escuelalibrejardindelsol.cl\/pt\/wp-json\/wp\/v2\/media?parent=15456"}],"curies":[{"name":"wp","href":"https:\/\/api.w.org\/{rel}","templated":true}]}}