{"id":15375,"date":"2025-06-19T14:07:13","date_gmt":"2025-06-19T14:07:13","guid":{"rendered":"https:\/\/escuelalibrejardindelsol.cl\/?page_id=15375"},"modified":"2025-07-14T02:56:26","modified_gmt":"2025-07-14T02:56:26","slug":"talleres-para-infantes","status":"publish","type":"page","link":"https:\/\/escuelalibrejardindelsol.cl\/pt\/talleres-para-infantes\/","title":{"rendered":"Talleres para infantes Online"},"content":{"rendered":"<h3 data-start=\"101\" data-end=\"170\">\ud83c\udf1e \u00a1Bienvenid@s a los Talleres Online de Jard\u00edn del Sol! \ud83d\udcbb\ud83c\udfa8\ud83e\udd16<\/h3>\n<p data-start=\"171\" data-end=\"216\"><strong data-start=\"171\" data-end=\"216\">Modalidad Virtual &#8211; Desde cualquier lugar<\/strong><\/p>\n<p data-start=\"218\" data-end=\"444\">Nos alegra mucho invitarte a ser parte de nuestros <strong data-start=\"269\" data-end=\"288\">talleres online<\/strong>, donde ni\u00f1as y ni\u00f1os podr\u00e1n participar desde casa en experiencias educativas, art\u00edsticas y tecnol\u00f3gicas, acompa\u00f1ad@s por un equipo afectuoso y profesional.<\/p>\n<p data-start=\"446\" data-end=\"620\">A trav\u00e9s de sesiones virtuales en vivo, creamos un espacio din\u00e1mico y cercano que motiva a aprender, compartir y desarrollar habilidades de forma entretenida y significativa.<\/p>\n<p data-start=\"622\" data-end=\"649\">\ud83c\udfad <em data-start=\"625\" data-end=\"647\">Talleres Art\u00edsticos:<\/em><\/p>\n<p>\u00a0\u00a0\u00a0<a href=\"https:\/\/escuelalibrejardindelsol.cl\/pt\/taller-de-musica-online\/\"><img loading=\"lazy\" decoding=\"async\" class=\"alignnone wp-image-15400\" src=\"https:\/\/escuelalibrejardindelsol.cl\/wp-content\/uploads\/2025\/06\/botones-1-1-300x129.png\" alt=\"\" width=\"191\" height=\"82\" srcset=\"https:\/\/escuelalibrejardindelsol.cl\/wp-content\/uploads\/2025\/06\/botones-1-1-300x129.png 300w, https:\/\/escuelalibrejardindelsol.cl\/wp-content\/uploads\/2025\/06\/botones-1-1-100x43.png 100w, https:\/\/escuelalibrejardindelsol.cl\/wp-content\/uploads\/2025\/06\/botones-1-1-18x8.png 18w, https:\/\/escuelalibrejardindelsol.cl\/wp-content\/uploads\/2025\/06\/botones-1-1.png 472w\" sizes=\"auto, (max-width: 191px) 100vw, 191px\" \/><\/a><img loading=\"lazy\" decoding=\"async\" class=\"alignnone wp-image-15403\" src=\"https:\/\/escuelalibrejardindelsol.cl\/wp-content\/uploads\/2025\/06\/COMIC-300x129.png\" alt=\"\" width=\"188\" height=\"81\" srcset=\"https:\/\/escuelalibrejardindelsol.cl\/wp-content\/uploads\/2025\/06\/COMIC-300x129.png 300w, https:\/\/escuelalibrejardindelsol.cl\/wp-content\/uploads\/2025\/06\/COMIC-100x43.png 100w, https:\/\/escuelalibrejardindelsol.cl\/wp-content\/uploads\/2025\/06\/COMIC-18x8.png 18w, https:\/\/escuelalibrejardindelsol.cl\/wp-content\/uploads\/2025\/06\/COMIC.png 472w\" sizes=\"auto, (max-width: 188px) 100vw, 188px\" \/><img loading=\"lazy\" decoding=\"async\" class=\"alignnone wp-image-15398\" src=\"https:\/\/escuelalibrejardindelsol.cl\/wp-content\/uploads\/2025\/06\/PINTURA-1-300x129.png\" alt=\"\" width=\"181\" height=\"78\" srcset=\"https:\/\/escuelalibrejardindelsol.cl\/wp-content\/uploads\/2025\/06\/PINTURA-1-300x129.png 300w, https:\/\/escuelalibrejardindelsol.cl\/wp-content\/uploads\/2025\/06\/PINTURA-1-100x43.png 100w, https:\/\/escuelalibrejardindelsol.cl\/wp-content\/uploads\/2025\/06\/PINTURA-1-18x8.png 18w, https:\/\/escuelalibrejardindelsol.cl\/wp-content\/uploads\/2025\/06\/PINTURA-1.png 472w\" sizes=\"auto, (max-width: 181px) 100vw, 181px\" \/> <img loading=\"lazy\" decoding=\"async\" class=\"alignnone wp-image-15399\" src=\"https:\/\/escuelalibrejardindelsol.cl\/wp-content\/uploads\/2025\/06\/TEATRO-1-300x129.png\" alt=\"\" width=\"170\" height=\"73\" srcset=\"https:\/\/escuelalibrejardindelsol.cl\/wp-content\/uploads\/2025\/06\/TEATRO-1-300x129.png 300w, https:\/\/escuelalibrejardindelsol.cl\/wp-content\/uploads\/2025\/06\/TEATRO-1-100x43.png 100w, https:\/\/escuelalibrejardindelsol.cl\/wp-content\/uploads\/2025\/06\/TEATRO-1-18x8.png 18w, https:\/\/escuelalibrejardindelsol.cl\/wp-content\/uploads\/2025\/06\/TEATRO-1.png 472w\" sizes=\"auto, (max-width: 170px) 100vw, 170px\" \/><\/p>\n<p>&nbsp;<\/p>\n<p data-start=\"695\" data-end=\"724\">\ud83d\udca1 <em data-start=\"698\" data-end=\"722\">Talleres Tecnol\u00f3gicos:<\/em><\/p>\n<p><a href=\"https:\/\/escuelalibrejardindelsol.cl\/pt\/taller-de-robotica-online\/\"><img loading=\"lazy\" decoding=\"async\" class=\"alignnone wp-image-15397\" src=\"https:\/\/escuelalibrejardindelsol.cl\/wp-content\/uploads\/2025\/06\/ROBOTICA-1-300x129.png\" alt=\"\" width=\"207\" height=\"89\" srcset=\"https:\/\/escuelalibrejardindelsol.cl\/wp-content\/uploads\/2025\/06\/ROBOTICA-1-300x129.png 300w, https:\/\/escuelalibrejardindelsol.cl\/wp-content\/uploads\/2025\/06\/ROBOTICA-1-100x43.png 100w, https:\/\/escuelalibrejardindelsol.cl\/wp-content\/uploads\/2025\/06\/ROBOTICA-1-18x8.png 18w, https:\/\/escuelalibrejardindelsol.cl\/wp-content\/uploads\/2025\/06\/ROBOTICA-1.png 472w\" sizes=\"auto, (max-width: 207px) 100vw, 207px\" \/><\/a><a href=\"https:\/\/escuelalibrejardindelsol.cl\/pt\/15464-2\/\"><img loading=\"lazy\" decoding=\"async\" class=\"alignnone wp-image-15396\" src=\"https:\/\/escuelalibrejardindelsol.cl\/wp-content\/uploads\/2025\/06\/botones-2-1-300x129.png\" alt=\"\" width=\"197\" height=\"85\" srcset=\"https:\/\/escuelalibrejardindelsol.cl\/wp-content\/uploads\/2025\/06\/botones-2-1-300x129.png 300w, https:\/\/escuelalibrejardindelsol.cl\/wp-content\/uploads\/2025\/06\/botones-2-1-100x43.png 100w, https:\/\/escuelalibrejardindelsol.cl\/wp-content\/uploads\/2025\/06\/botones-2-1-18x8.png 18w, https:\/\/escuelalibrejardindelsol.cl\/wp-content\/uploads\/2025\/06\/botones-2-1.png 472w\" sizes=\"auto, (max-width: 197px) 100vw, 197px\" \/><\/a><img loading=\"lazy\" decoding=\"async\" class=\"alignnone wp-image-15404\" src=\"https:\/\/escuelalibrejardindelsol.cl\/wp-content\/uploads\/2025\/06\/LOGICA-300x129.png\" alt=\"\" width=\"202\" height=\"87\" srcset=\"https:\/\/escuelalibrejardindelsol.cl\/wp-content\/uploads\/2025\/06\/LOGICA-300x129.png 300w, https:\/\/escuelalibrejardindelsol.cl\/wp-content\/uploads\/2025\/06\/LOGICA-100x43.png 100w, https:\/\/escuelalibrejardindelsol.cl\/wp-content\/uploads\/2025\/06\/LOGICA-18x8.png 18w, https:\/\/escuelalibrejardindelsol.cl\/wp-content\/uploads\/2025\/06\/LOGICA.png 472w\" sizes=\"auto, (max-width: 202px) 100vw, 202px\" \/><\/p>\n<p>&nbsp;<\/p>\n<p data-start=\"810\" data-end=\"832\">\u265f\ufe0f <em data-start=\"813\" data-end=\"830\">Otros Talleres:<\/em><\/p>\n<p><img loading=\"lazy\" decoding=\"async\" class=\"alignnone size-medium wp-image-15395\" src=\"https:\/\/escuelalibrejardindelsol.cl\/wp-content\/uploads\/2025\/06\/AJEDREZ-1-300x129.png\" alt=\"\" width=\"300\" height=\"129\" srcset=\"https:\/\/escuelalibrejardindelsol.cl\/wp-content\/uploads\/2025\/06\/AJEDREZ-1-300x129.png 300w, https:\/\/escuelalibrejardindelsol.cl\/wp-content\/uploads\/2025\/06\/AJEDREZ-1-100x43.png 100w, https:\/\/escuelalibrejardindelsol.cl\/wp-content\/uploads\/2025\/06\/AJEDREZ-1-18x8.png 18w, https:\/\/escuelalibrejardindelsol.cl\/wp-content\/uploads\/2025\/06\/AJEDREZ-1.png 472w\" sizes=\"auto, (max-width: 300px) 100vw, 300px\" \/><img loading=\"lazy\" decoding=\"async\" class=\"alignnone size-medium wp-image-15402\" src=\"https:\/\/escuelalibrejardindelsol.cl\/wp-content\/uploads\/2025\/06\/REFORZAMIENTO-1-300x129.png\" alt=\"\" width=\"300\" height=\"129\" srcset=\"https:\/\/escuelalibrejardindelsol.cl\/wp-content\/uploads\/2025\/06\/REFORZAMIENTO-1-300x129.png 300w, https:\/\/escuelalibrejardindelsol.cl\/wp-content\/uploads\/2025\/06\/REFORZAMIENTO-1-100x43.png 100w, https:\/\/escuelalibrejardindelsol.cl\/wp-content\/uploads\/2025\/06\/REFORZAMIENTO-1-18x8.png 18w, https:\/\/escuelalibrejardindelsol.cl\/wp-content\/uploads\/2025\/06\/REFORZAMIENTO-1.png 472w\" sizes=\"auto, (max-width: 300px) 100vw, 300px\" \/><img loading=\"lazy\" decoding=\"async\" class=\"alignnone size-medium wp-image-15401\" src=\"https:\/\/escuelalibrejardindelsol.cl\/wp-content\/uploads\/2025\/06\/INTELIGENCIA-EMOCIONAL-1-300x129.png\" alt=\"\" width=\"300\" height=\"129\" srcset=\"https:\/\/escuelalibrejardindelsol.cl\/wp-content\/uploads\/2025\/06\/INTELIGENCIA-EMOCIONAL-1-300x129.png 300w, https:\/\/escuelalibrejardindelsol.cl\/wp-content\/uploads\/2025\/06\/INTELIGENCIA-EMOCIONAL-1-100x43.png 100w, https:\/\/escuelalibrejardindelsol.cl\/wp-content\/uploads\/2025\/06\/INTELIGENCIA-EMOCIONAL-1-18x8.png 18w, https:\/\/escuelalibrejardindelsol.cl\/wp-content\/uploads\/2025\/06\/INTELIGENCIA-EMOCIONAL-1.png 472w\" sizes=\"auto, (max-width: 300px) 100vw, 300px\" \/><\/p>\n<p>&nbsp;<\/p>\n<h3 data-start=\"874\" data-end=\"913\">\ud83c\udf31 <strong data-start=\"881\" data-end=\"911\">Beneficios para los ni\u00f1@s:<\/strong><\/h3>\n<p data-start=\"914\" data-end=\"1184\">\u2705 Desarrollan su creatividad y autonom\u00eda desde casa<br data-start=\"965\" data-end=\"968\" \/>\u2705 Acceden a contenidos formativos y entretenidos<br data-start=\"1016\" data-end=\"1019\" \/>\u2705 Refuerzan aprendizajes escolares de forma l\u00fadica<br data-start=\"1069\" data-end=\"1072\" \/>\u2705 Desarrollan habilidades sociales de resoluci\u00f3n de conflicto<br data-start=\"1127\" data-end=\"1130\" \/>\u2705 Utilizan herramientas digitales de manera positiva<\/p>\n<p data-start=\"1186\" data-end=\"1309\">\ud83d\udccc <em data-start=\"1189\" data-end=\"1263\">Para m\u00e1s informaci\u00f3n o para llevar estos talleres a otras instituciones:<\/em><br data-start=\"1263\" data-end=\"1266\" \/>\ud83d\udce9 <strong data-start=\"1269\" data-end=\"1309\"><a class=\"cursor-pointer\" rel=\"noopener\" data-start=\"1271\" data-end=\"1307\">contacto@escuelalibrejardindelsol.cl<\/a><\/strong><\/p>","protected":false},"excerpt":{"rendered":"<p>\ud83c\udf1e \u00a1Bienvenid@s a los Talleres Online de Jard\u00edn del Sol! \ud83d\udcbb\ud83c\udfa8\ud83e\udd16 Modalidad Virtual &#8211; Desde cualquier lugar Nos alegra mucho invitarte a ser parte de nuestros talleres online, donde ni\u00f1as y ni\u00f1os podr\u00e1n participar desde casa en experiencias educativas, art\u00edsticas y tecnol\u00f3gicas, acompa\u00f1ad@s por un equipo afectuoso y profesional. A trav\u00e9s de sesiones virtuales en <a href=\"https:\/\/escuelalibrejardindelsol.cl\/pt\/talleres-para-infantes\/\" rel=\"nofollow\"><span class=\"sr-only\">Read more about Talleres para infantes Online<\/span>[&hellip;]<\/a><\/p>\n","protected":false},"author":1,"featured_media":0,"parent":0,"menu_order":0,"comment_status":"closed","ping_status":"closed","template":"","meta":{"footnotes":""},"class_list":["post-15375","page","type-page","status-publish","hentry"],"_links":{"self":[{"href":"https:\/\/escuelalibrejardindelsol.cl\/pt\/wp-json\/wp\/v2\/pages\/15375","targetHints":{"allow":["GET"]}}],"collection":[{"href":"https:\/\/escuelalibrejardindelsol.cl\/pt\/wp-json\/wp\/v2\/pages"}],"about":[{"href":"https:\/\/escuelalibrejardindelsol.cl\/pt\/wp-json\/wp\/v2\/types\/page"}],"author":[{"embeddable":true,"href":"https:\/\/escuelalibrejardindelsol.cl\/pt\/wp-json\/wp\/v2\/users\/1"}],"replies":[{"embeddable":true,"href":"https:\/\/escuelalibrejardindelsol.cl\/pt\/wp-json\/wp\/v2\/comments?post=15375"}],"version-history":[{"count":6,"href":"https:\/\/escuelalibrejardindelsol.cl\/pt\/wp-json\/wp\/v2\/pages\/15375\/revisions"}],"predecessor-version":[{"id":15471,"href":"https:\/\/escuelalibrejardindelsol.cl\/pt\/wp-json\/wp\/v2\/pages\/15375\/revisions\/15471"}],"wp:attachment":[{"href":"https:\/\/escuelalibrejardindelsol.cl\/pt\/wp-json\/wp\/v2\/media?parent=15375"}],"curies":[{"name":"wp","href":"https:\/\/api.w.org\/{rel}","templated":true}]}}