{"id":15337,"date":"2025-06-17T00:06:59","date_gmt":"2025-06-17T00:06:59","guid":{"rendered":"https:\/\/escuelalibrejardindelsol.cl\/?page_id=15337"},"modified":"2025-07-30T23:41:54","modified_gmt":"2025-07-30T23:41:54","slug":"talleres","status":"publish","type":"page","link":"https:\/\/escuelalibrejardindelsol.cl\/pt\/talleres\/","title":{"rendered":"TALLERES infantiles modo"},"content":{"rendered":"<h4 data-start=\"0\" data-end=\"152\"><img loading=\"lazy\" decoding=\"async\" class=\"wp-image-15547 aligncenter\" src=\"https:\/\/escuelalibrejardindelsol.cl\/wp-content\/uploads\/2025\/07\/White-Blue-Surf-Photo-Collage-300x240.jpg\" alt=\"\" width=\"661\" height=\"529\" srcset=\"https:\/\/escuelalibrejardindelsol.cl\/wp-content\/uploads\/2025\/07\/White-Blue-Surf-Photo-Collage-300x240.jpg 300w, https:\/\/escuelalibrejardindelsol.cl\/wp-content\/uploads\/2025\/07\/White-Blue-Surf-Photo-Collage-1024x819.jpg 1024w, https:\/\/escuelalibrejardindelsol.cl\/wp-content\/uploads\/2025\/07\/White-Blue-Surf-Photo-Collage-768x614.jpg 768w, https:\/\/escuelalibrejardindelsol.cl\/wp-content\/uploads\/2025\/07\/White-Blue-Surf-Photo-Collage-100x80.jpg 100w, https:\/\/escuelalibrejardindelsol.cl\/wp-content\/uploads\/2025\/07\/White-Blue-Surf-Photo-Collage-1536x1229.jpg 1536w, https:\/\/escuelalibrejardindelsol.cl\/wp-content\/uploads\/2025\/07\/White-Blue-Surf-Photo-Collage-2048x1638.jpg 2048w, https:\/\/escuelalibrejardindelsol.cl\/wp-content\/uploads\/2025\/07\/White-Blue-Surf-Photo-Collage-15x12.jpg 15w, https:\/\/escuelalibrejardindelsol.cl\/wp-content\/uploads\/2025\/07\/White-Blue-Surf-Photo-Collage-600x480.jpg 600w\" sizes=\"auto, (max-width: 661px) 100vw, 661px\" \/><\/h4>\n<h4 style=\"text-align: center;\" data-start=\"0\" data-end=\"152\"><strong>\u00a1Bienvenid@s a los Talleres de Jard\u00edn Del Sol! \u2600\ufe0f\u2728<\/strong><\/h4>\n<h4 style=\"text-align: center;\" data-start=\"0\" data-end=\"152\">Aqu\u00ed aprendemos jugando, explorando el arte y la tecnolog\u00eda con alegr\u00eda y creatividad.<\/h4>\n<p data-start=\"154\" data-end=\"331\">Nuestros talleres est\u00e1n pensados para ni\u00f1@s de 3 a 10 a\u00f1os, y pueden ser presenciales o en formato online, \u00a1Para que elijas la experiencia que m\u00e1s se adapte a ti y tu familia!<\/p>\n<p data-start=\"333\" data-end=\"385\">\ud83c\udf08 \u00a1Ven a descubrir, crear y disfrutar con nosotr@s!<\/p>\n<h3 style=\"text-align: center;\" data-start=\"387\" data-end=\"445\">\ud83d\udc49 <strong data-start=\"390\" data-end=\"445\" data-is-last-node=\"\">Haz clic en el bot\u00f3n para elegir la modalidad a estudiar<\/strong><\/h3>\n<p data-start=\"387\" data-end=\"445\" data-is-last-node=\"\" data-is-only-node=\"\"><a href=\"https:\/\/escuelalibrejardindelsol.cl\/pt\/talleres-infantiles-presenciales\/\"><img loading=\"lazy\" decoding=\"async\" class=\"alignnone size-medium wp-image-15429\" src=\"https:\/\/escuelalibrejardindelsol.cl\/wp-content\/uploads\/2025\/07\/botones-300x129.png\" alt=\"\" width=\"300\" height=\"129\" srcset=\"https:\/\/escuelalibrejardindelsol.cl\/wp-content\/uploads\/2025\/07\/botones-300x129.png 300w, https:\/\/escuelalibrejardindelsol.cl\/wp-content\/uploads\/2025\/07\/botones-100x43.png 100w, https:\/\/escuelalibrejardindelsol.cl\/wp-content\/uploads\/2025\/07\/botones-18x8.png 18w, https:\/\/escuelalibrejardindelsol.cl\/wp-content\/uploads\/2025\/07\/botones.png 472w\" sizes=\"auto, (max-width: 300px) 100vw, 300px\" \/><\/a> <a href=\"https:\/\/escuelalibrejardindelsol.cl\/pt\/talleres-para-infantes\/\"><img loading=\"lazy\" decoding=\"async\" class=\"size-medium wp-image-15430 alignright\" src=\"https:\/\/escuelalibrejardindelsol.cl\/wp-content\/uploads\/2025\/07\/ONLINE-300x129.png\" alt=\"\" width=\"300\" height=\"129\" srcset=\"https:\/\/escuelalibrejardindelsol.cl\/wp-content\/uploads\/2025\/07\/ONLINE-300x129.png 300w, https:\/\/escuelalibrejardindelsol.cl\/wp-content\/uploads\/2025\/07\/ONLINE-100x43.png 100w, https:\/\/escuelalibrejardindelsol.cl\/wp-content\/uploads\/2025\/07\/ONLINE-18x8.png 18w, https:\/\/escuelalibrejardindelsol.cl\/wp-content\/uploads\/2025\/07\/ONLINE.png 472w\" sizes=\"auto, (max-width: 300px) 100vw, 300px\" \/><\/a><\/p>","protected":false},"excerpt":{"rendered":"<p>\u00a1Bienvenid@s a los Talleres de Jard\u00edn Del Sol! \u2600\ufe0f\u2728 Aqu\u00ed aprendemos jugando, explorando el arte y la tecnolog\u00eda con alegr\u00eda y creatividad. Nuestros talleres est\u00e1n pensados para ni\u00f1@s de 3 a 10 a\u00f1os, y pueden ser presenciales o en formato online, \u00a1Para que elijas la experiencia que m\u00e1s se adapte a ti y tu familia! <a href=\"https:\/\/escuelalibrejardindelsol.cl\/pt\/talleres\/\" rel=\"nofollow\"><span class=\"sr-only\">Read more about TALLERES infantiles modo<\/span>[&hellip;]<\/a><\/p>\n","protected":false},"author":1,"featured_media":0,"parent":0,"menu_order":0,"comment_status":"closed","ping_status":"closed","template":"","meta":{"footnotes":""},"class_list":["post-15337","page","type-page","status-publish","hentry"],"_links":{"self":[{"href":"https:\/\/escuelalibrejardindelsol.cl\/pt\/wp-json\/wp\/v2\/pages\/15337","targetHints":{"allow":["GET"]}}],"collection":[{"href":"https:\/\/escuelalibrejardindelsol.cl\/pt\/wp-json\/wp\/v2\/pages"}],"about":[{"href":"https:\/\/escuelalibrejardindelsol.cl\/pt\/wp-json\/wp\/v2\/types\/page"}],"author":[{"embeddable":true,"href":"https:\/\/escuelalibrejardindelsol.cl\/pt\/wp-json\/wp\/v2\/users\/1"}],"replies":[{"embeddable":true,"href":"https:\/\/escuelalibrejardindelsol.cl\/pt\/wp-json\/wp\/v2\/comments?post=15337"}],"version-history":[{"count":5,"href":"https:\/\/escuelalibrejardindelsol.cl\/pt\/wp-json\/wp\/v2\/pages\/15337\/revisions"}],"predecessor-version":[{"id":15548,"href":"https:\/\/escuelalibrejardindelsol.cl\/pt\/wp-json\/wp\/v2\/pages\/15337\/revisions\/15548"}],"wp:attachment":[{"href":"https:\/\/escuelalibrejardindelsol.cl\/pt\/wp-json\/wp\/v2\/media?parent=15337"}],"curies":[{"name":"wp","href":"https:\/\/api.w.org\/{rel}","templated":true}]}}