{"id":1052,"date":"2020-04-03T13:19:25","date_gmt":"2020-04-03T13:19:25","guid":{"rendered":"https:\/\/escuelalibrejardindelsol.cl\/?page_id=1052"},"modified":"2023-03-01T19:15:44","modified_gmt":"2023-03-01T19:15:44","slug":"peliculas","status":"publish","type":"page","link":"https:\/\/escuelalibrejardindelsol.cl\/pt\/peliculas\/","title":{"rendered":"Films"},"content":{"rendered":"<p>En esta p\u00e1gina encontraras pel\u00edculas y documentales con tem\u00e1ticas familiares:<\/p>\n<p><strong>Pel\u00edculas:<\/strong><\/p>\n<p>LOS CORISTAS:<\/p>\n<p>https:\/\/www.youtube.com\/watch?v=3PunWP9M4us<\/p>\n<p>&nbsp;<\/p>\n<p>LA VERDADERA HISTORIA DE LA CAPERUCITA ROJA<\/p>\n<p>https:\/\/www.youtube.com\/watch?v=rugVO68UjFM<\/p>\n<p class=\"style-scope ytd-watch-metadata\">WALT DISNEY: UNA HISTORIA M\u00c1GICA<\/p>\n<p><iframe loading=\"lazy\" title=\"WALT DISNEY: UNA HISTORIA M\u00c1GICA - PELICULA EN HD COMPLETA EN ESPANOL- DOBLAJE EXCLUSIVO\" width=\"640\" height=\"360\" src=\"https:\/\/www.youtube.com\/embed\/bgqyGXvMuj4?feature=oembed&#038;enablejsapi=1&#038;origin=https:\/\/escuelalibrejardindelsol.cl\/pt\" frameborder=\"0\" allow=\"accelerometer; autoplay; clipboard-write; encrypted-media; gyroscope; picture-in-picture; web-share\" referrerpolicy=\"strict-origin-when-cross-origin\" allowfullscreen><\/iframe><\/p>\n<p>&nbsp;<\/p>\n<p>&nbsp;<\/p>\n<h4><strong>Monsieur Batignole\u00a0<\/strong><\/h4>\n<p>https:\/\/www.youtube.com\/watch?v=USuxP5wadfE<\/p>\n<p>&nbsp;<\/p>\n<p>EL GRAN CIRCO CHAMORRO<\/p>\n<p>https:\/\/www.youtube.com\/watch?v=hXMASmhNssA<\/p>\n<p>&nbsp;<\/p>\n<p>El Mago de Oz (Teatro)<\/p>\n<p><iframe loading=\"lazy\" title=\"El Mago de Oz | Obra Completa | No Es Culpa Nuestra\" width=\"640\" height=\"360\" src=\"https:\/\/www.youtube.com\/embed\/HQ3rB6vsFyY?feature=oembed&#038;enablejsapi=1&#038;origin=https:\/\/escuelalibrejardindelsol.cl\/pt\" frameborder=\"0\" allow=\"accelerometer; autoplay; clipboard-write; encrypted-media; gyroscope; picture-in-picture; web-share\" referrerpolicy=\"strict-origin-when-cross-origin\" allowfullscreen><\/iframe><\/p>\n<p>&nbsp;<\/p>\n<p>&nbsp;<\/p>\n<p><strong>Documentales:<\/strong><\/p>\n<p>AMARUKAN<\/p>\n<p>EL RETORNO DE LA PACHAMAMA<\/p>\n<p><iframe loading=\"lazy\" title=\"AMARUKAN - El Retorno de Pachamama - Pel\u00edcula Documental - \u00d1aupany Puma\" width=\"640\" height=\"360\" src=\"https:\/\/www.youtube.com\/embed\/YTHahGFU9RI?feature=oembed&#038;enablejsapi=1&#038;origin=https:\/\/escuelalibrejardindelsol.cl\/pt\" frameborder=\"0\" allow=\"accelerometer; autoplay; clipboard-write; encrypted-media; gyroscope; picture-in-picture; web-share\" referrerpolicy=\"strict-origin-when-cross-origin\" allowfullscreen><\/iframe><\/p>\n<p>&nbsp;<\/p>\n<p>TIEMPO DE CAMBIO<\/p>\n<p><iframe loading=\"lazy\" title=\"PACHAKUTIQ - El Tiempo del Cambio - Pel\u00edcula Documental - \u00d1aupany Puma\" width=\"640\" height=\"360\" src=\"https:\/\/www.youtube.com\/embed\/tjhvlWBs7B4?start=2275&#038;feature=oembed&#038;enablejsapi=1&#038;origin=https:\/\/escuelalibrejardindelsol.cl\/pt\" frameborder=\"0\" allow=\"accelerometer; autoplay; clipboard-write; encrypted-media; gyroscope; picture-in-picture; web-share\" referrerpolicy=\"strict-origin-when-cross-origin\" allowfullscreen><\/iframe><\/p>\n<p>&nbsp;<\/p>\n<p>REGISTROS SUMERIOS<\/p>\n<p><iframe loading=\"lazy\" title=\"Registros sumerios - Drunvalo Melchizedek  (espa\u00f1ol)\" width=\"640\" height=\"360\" src=\"https:\/\/www.youtube.com\/embed\/3LBosVd2OOE?start=18&#038;feature=oembed&#038;enablejsapi=1&#038;origin=https:\/\/escuelalibrejardindelsol.cl\/pt\" frameborder=\"0\" allow=\"accelerometer; autoplay; clipboard-write; encrypted-media; gyroscope; picture-in-picture; web-share\" referrerpolicy=\"strict-origin-when-cross-origin\" allowfullscreen><\/iframe><\/p>\n<p>ENCUENTRA TU EQUILIBRIO<\/p>\n<p><iframe loading=\"lazy\" title=\"ENCUENTRA TU EQUILIBRIO. deepak chopra (completo con audio en espa\u00f1ol)\" width=\"640\" height=\"480\" src=\"https:\/\/www.youtube.com\/embed\/zFb-V1LcHuA?start=84&#038;feature=oembed&#038;enablejsapi=1&#038;origin=https:\/\/escuelalibrejardindelsol.cl\/pt\" frameborder=\"0\" allow=\"accelerometer; autoplay; clipboard-write; encrypted-media; gyroscope; picture-in-picture; web-share\" referrerpolicy=\"strict-origin-when-cross-origin\" allowfullscreen><\/iframe><\/p>\n<p>LA EDUCACI\u00d3N PROHIBIDA<\/p>\n<p><iframe loading=\"lazy\" title=\"La Educaci\u00f3n Prohibida - Pel\u00edcula Completa HD Oficial\" width=\"640\" height=\"360\" src=\"https:\/\/www.youtube.com\/embed\/-1Y9OqSJKCc?start=160&#038;feature=oembed&#038;enablejsapi=1&#038;origin=https:\/\/escuelalibrejardindelsol.cl\/pt\" frameborder=\"0\" allow=\"accelerometer; autoplay; clipboard-write; encrypted-media; gyroscope; picture-in-picture; web-share\" referrerpolicy=\"strict-origin-when-cross-origin\" allowfullscreen><\/iframe><\/p>\n<p>&nbsp;<\/p>\n<p>&nbsp;<\/p>","protected":false},"excerpt":{"rendered":"<p>En esta p\u00e1gina encontraras pel\u00edculas y documentales con tem\u00e1ticas familiares: Pel\u00edculas: LOS CORISTAS: https:\/\/www.youtube.com\/watch?v=3PunWP9M4us &nbsp; LA VERDADERA HISTORIA DE LA CAPERUCITA ROJA https:\/\/www.youtube.com\/watch?v=rugVO68UjFM WALT DISNEY: UNA HISTORIA M\u00c1GICA &nbsp; &nbsp; Monsieur Batignole\u00a0 https:\/\/www.youtube.com\/watch?v=USuxP5wadfE &nbsp; EL GRAN CIRCO CHAMORRO https:\/\/www.youtube.com\/watch?v=hXMASmhNssA &nbsp; El Mago de Oz (Teatro) &nbsp; &nbsp; Documentales: AMARUKAN EL RETORNO DE LA PACHAMAMA &nbsp; <a href=\"https:\/\/escuelalibrejardindelsol.cl\/pt\/peliculas\/\" rel=\"nofollow\"><span class=\"sr-only\">Read more about Pel\u00edculas<\/span>[&hellip;]<\/a><\/p>\n","protected":false},"author":1,"featured_media":0,"parent":0,"menu_order":0,"comment_status":"closed","ping_status":"closed","template":"","meta":{"footnotes":""},"class_list":["post-1052","page","type-page","status-publish","hentry"],"_links":{"self":[{"href":"https:\/\/escuelalibrejardindelsol.cl\/pt\/wp-json\/wp\/v2\/pages\/1052","targetHints":{"allow":["GET"]}}],"collection":[{"href":"https:\/\/escuelalibrejardindelsol.cl\/pt\/wp-json\/wp\/v2\/pages"}],"about":[{"href":"https:\/\/escuelalibrejardindelsol.cl\/pt\/wp-json\/wp\/v2\/types\/page"}],"author":[{"embeddable":true,"href":"https:\/\/escuelalibrejardindelsol.cl\/pt\/wp-json\/wp\/v2\/users\/1"}],"replies":[{"embeddable":true,"href":"https:\/\/escuelalibrejardindelsol.cl\/pt\/wp-json\/wp\/v2\/comments?post=1052"}],"version-history":[{"count":9,"href":"https:\/\/escuelalibrejardindelsol.cl\/pt\/wp-json\/wp\/v2\/pages\/1052\/revisions"}],"predecessor-version":[{"id":14749,"href":"https:\/\/escuelalibrejardindelsol.cl\/pt\/wp-json\/wp\/v2\/pages\/1052\/revisions\/14749"}],"wp:attachment":[{"href":"https:\/\/escuelalibrejardindelsol.cl\/pt\/wp-json\/wp\/v2\/media?parent=1052"}],"curies":[{"name":"wp","href":"https:\/\/api.w.org\/{rel}","templated":true}]}}